{"id":9,"date":"2023-04-11T18:07:54","date_gmt":"2023-04-11T21:07:54","guid":{"rendered":"https:\/\/contabilliber.com.br\/?page_id=9"},"modified":"2026-03-18T18:34:36","modified_gmt":"2026-03-18T21:34:36","slug":"home","status":"publish","type":"page","link":"https:\/\/contabilliber.com.br\/","title":{"rendered":"Home"},"content":{"rendered":"\t\t<div data-elementor-type=\"wp-page\" data-elementor-id=\"9\" class=\"elementor elementor-9\">\n\t\t\t\t\t\t\t<div class=\"elementor-element elementor-element-59b0f49 e-flex e-con-boxed e-con e-parent\" data-id=\"59b0f49\" data-element_type=\"container\" data-settings=\"{&quot;background_background&quot;:&quot;classic&quot;,&quot;content_width&quot;:&quot;boxed&quot;}\" data-core-v316-plus=\"true\">\n\t\t\t\t\t<div class=\"e-con-inner\">\n\t\t\t\t<div class=\"elementor-element elementor-element-cbdf2c1 elementor-widget elementor-widget-heading\" data-id=\"cbdf2c1\" data-element_type=\"widget\" data-widget_type=\"heading.default\">\n\t\t\t\t<div class=\"elementor-widget-container\">\n\t\t\t<style>\/*! elementor - v3.16.0 - 17-10-2023 *\/\n.elementor-heading-title{padding:0;margin:0;line-height:1}.elementor-widget-heading .elementor-heading-title[class*=elementor-size-]>a{color:inherit;font-size:inherit;line-height:inherit}.elementor-widget-heading .elementor-heading-title.elementor-size-small{font-size:15px}.elementor-widget-heading .elementor-heading-title.elementor-size-medium{font-size:19px}.elementor-widget-heading .elementor-heading-title.elementor-size-large{font-size:29px}.elementor-widget-heading .elementor-heading-title.elementor-size-xl{font-size:39px}.elementor-widget-heading .elementor-heading-title.elementor-size-xxl{font-size:59px}<\/style><h2 class=\"elementor-heading-title elementor-size-default\">Oferecemos aos nossos clientes um servi\u00e7o inovador de contabilidade utilizando tecnologia<\/h2>\t\t<\/div>\n\t\t\t\t<\/div>\n\t\t\t\t<div class=\"elementor-element elementor-element-638c9a9 elementor-widget elementor-widget-heading\" data-id=\"638c9a9\" data-element_type=\"widget\" data-widget_type=\"heading.default\">\n\t\t\t\t<div class=\"elementor-widget-container\">\n\t\t\t<h2 class=\"elementor-heading-title elementor-size-default\">\"O sucesso \u00e9 a soma de pequenos esfor\u00e7os - repetidos dia sim, e no outro dia tamb\u00e9m.\"<\/h2>\t\t<\/div>\n\t\t\t\t<\/div>\n\t\t\t\t\t<\/div>\n\t\t\t\t<\/div>\n\t\t<div class=\"elementor-element elementor-element-f6438ee e-flex e-con-boxed e-con e-parent\" data-id=\"f6438ee\" data-element_type=\"container\" data-settings=\"{&quot;content_width&quot;:&quot;boxed&quot;}\" data-core-v316-plus=\"true\">\n\t\t\t\t\t<div class=\"e-con-inner\">\n\t\t<div class=\"elementor-element elementor-element-abdae18 e-con-full e-flex e-con e-child\" data-id=\"abdae18\" data-element_type=\"container\" data-settings=\"{&quot;content_width&quot;:&quot;full&quot;}\">\n\t\t\t\t<div class=\"elementor-element elementor-element-5353429 elementor-widget elementor-widget-menu-anchor\" data-id=\"5353429\" data-element_type=\"widget\" data-widget_type=\"menu-anchor.default\">\n\t\t\t\t<div class=\"elementor-widget-container\">\n\t\t\t<style>\/*! elementor - v3.16.0 - 17-10-2023 *\/\nbody.elementor-page .elementor-widget-menu-anchor{margin-bottom:0}<\/style>\t\t<div id=\"sobrenos\" class=\"elementor-menu-anchor\"><\/div>\n\t\t\t\t<\/div>\n\t\t\t\t<\/div>\n\t\t\t\t<div class=\"elementor-element elementor-element-50bf4ae elementor-widget elementor-widget-image\" data-id=\"50bf4ae\" data-element_type=\"widget\" data-widget_type=\"image.default\">\n\t\t\t\t<div class=\"elementor-widget-container\">\n\t\t\t<style>\/*! elementor - v3.16.0 - 17-10-2023 *\/\n.elementor-widget-image{text-align:center}.elementor-widget-image a{display:inline-block}.elementor-widget-image a img[src$=\".svg\"]{width:48px}.elementor-widget-image img{vertical-align:middle;display:inline-block}<\/style>\t\t\t\t\t\t\t\t\t\t\t\t<img decoding=\"async\" loading=\"lazy\" width=\"1080\" height=\"1080\" src=\"https:\/\/contabilliber.com.br\/wp-content\/uploads\/2023\/05\/Contabilidade.png\" class=\"attachment-full size-full wp-image-84\" alt=\"\" srcset=\"https:\/\/contabilliber.com.br\/wp-content\/uploads\/2023\/05\/Contabilidade.png 1080w, https:\/\/contabilliber.com.br\/wp-content\/uploads\/2023\/05\/Contabilidade-300x300.png 300w, https:\/\/contabilliber.com.br\/wp-content\/uploads\/2023\/05\/Contabilidade-1024x1024.png 1024w, https:\/\/contabilliber.com.br\/wp-content\/uploads\/2023\/05\/Contabilidade-150x150.png 150w, https:\/\/contabilliber.com.br\/wp-content\/uploads\/2023\/05\/Contabilidade-768x768.png 768w, https:\/\/contabilliber.com.br\/wp-content\/uploads\/2023\/05\/Contabilidade-230x230.png 230w, https:\/\/contabilliber.com.br\/wp-content\/uploads\/2023\/05\/Contabilidade-400x400.png 400w, https:\/\/contabilliber.com.br\/wp-content\/uploads\/2023\/05\/Contabilidade-600x600.png 600w, https:\/\/contabilliber.com.br\/wp-content\/uploads\/2023\/05\/Contabilidade-640x640.png 640w\" sizes=\"(max-width: 1080px) 100vw, 1080px\" \/>\t\t\t\t\t\t\t\t\t\t\t\t\t\t\t<\/div>\n\t\t\t\t<\/div>\n\t\t\t\t<\/div>\n\t\t<div class=\"elementor-element elementor-element-6d593e6 e-con-full e-flex e-con e-child\" data-id=\"6d593e6\" data-element_type=\"container\" data-settings=\"{&quot;content_width&quot;:&quot;full&quot;}\">\n\t\t\t\t<div class=\"elementor-element elementor-element-286835e elementor-widget elementor-widget-heading\" data-id=\"286835e\" data-element_type=\"widget\" data-widget_type=\"heading.default\">\n\t\t\t\t<div class=\"elementor-widget-container\">\n\t\t\t<h2 class=\"elementor-heading-title elementor-size-default\">Ol\u00e1, somos a<\/h2>\t\t<\/div>\n\t\t\t\t<\/div>\n\t\t\t\t<div class=\"elementor-element elementor-element-d37d493 elementor-widget elementor-widget-heading\" data-id=\"d37d493\" data-element_type=\"widget\" data-widget_type=\"heading.default\">\n\t\t\t\t<div class=\"elementor-widget-container\">\n\t\t\t<h2 class=\"elementor-heading-title elementor-size-default\">L\u00edber Assessoria Empresarial<\/h2>\t\t<\/div>\n\t\t\t\t<\/div>\n\t\t\t\t<div class=\"elementor-element elementor-element-01367bb elementor-widget elementor-widget-text-editor\" data-id=\"01367bb\" data-element_type=\"widget\" data-widget_type=\"text-editor.default\">\n\t\t\t\t<div class=\"elementor-widget-container\">\n\t\t\t<style>\/*! elementor - v3.16.0 - 17-10-2023 *\/\n.elementor-widget-text-editor.elementor-drop-cap-view-stacked .elementor-drop-cap{background-color:#69727d;color:#fff}.elementor-widget-text-editor.elementor-drop-cap-view-framed .elementor-drop-cap{color:#69727d;border:3px solid;background-color:transparent}.elementor-widget-text-editor:not(.elementor-drop-cap-view-default) .elementor-drop-cap{margin-top:8px}.elementor-widget-text-editor:not(.elementor-drop-cap-view-default) .elementor-drop-cap-letter{width:1em;height:1em}.elementor-widget-text-editor .elementor-drop-cap{float:left;text-align:center;line-height:1;font-size:50px}.elementor-widget-text-editor .elementor-drop-cap-letter{display:inline-block}<\/style>\t\t\t\t<p>A L\u00edber \u00e9 uma empresa de assessoria empresarial com mais de 50 anos de experi\u00eancia no mercado, fundada em 1971. Com uma equipe altamente qualificada e multidisciplinar, a L\u00edber tem como objetivo oferecer solu\u00e7\u00f5es personalizadas e eficazes para seus clientes, em diversas \u00e1reas do mundo empresarial.<\/p><p>Com uma vis\u00e3o focada em resultados e na satisfa\u00e7\u00e3o do cliente, a L\u00edber busca constantemente inovar e atualizar-se, a fim de oferecer as melhores estrat\u00e9gias e solu\u00e7\u00f5es para seus clientes. A empresa \u00e9 conhecida por sua excel\u00eancia em consultoria financeira, cont\u00e1bil, imposto de renda, tribut\u00e1ria, trabalhista e previdenci\u00e1ria, al\u00e9m de oferecer servi\u00e7os de gest\u00e3o de auditoria e societ\u00e1ria.<\/p><p>Com uma ampla carteira de clientes, que inclui empresas de diferentes portes e segmentos, a L\u00edber \u00e9 reconhecida por sua compet\u00eancia e efici\u00eancia, conquistando a confian\u00e7a e fidelidade de seus clientes ao longo de d\u00e9cadas de trabalho. A empresa \u00e9 l\u00edder em seu segmento de atua\u00e7\u00e3o e busca sempre manter-se atualizada em rela\u00e7\u00e3o \u00e0s tend\u00eancias e mudan\u00e7as do mercado.<\/p><p>A L\u00edber preza pela transpar\u00eancia e \u00e9tica em suas rela\u00e7\u00f5es comerciais, mantendo sempre um di\u00e1logo claro e objetivo com seus clientes, a fim de garantir a excel\u00eancia em seus servi\u00e7os e a satisfa\u00e7\u00e3o plena de seus parceiros de neg\u00f3cio. A empresa \u00e9 comprometida com o desenvolvimento sustent\u00e1vel e socialmente respons\u00e1vel, contribuindo para o crescimento econ\u00f4mico do pa\u00eds de forma \u00e9tica e transparente.<\/p>\t\t\t\t\t\t<\/div>\n\t\t\t\t<\/div>\n\t\t\t\t<\/div>\n\t\t\t\t\t<\/div>\n\t\t\t\t<\/div>\n\t\t<div class=\"elementor-element elementor-element-4968d69 e-con-full e-flex e-con e-parent\" data-id=\"4968d69\" data-element_type=\"container\" data-settings=\"{&quot;content_width&quot;:&quot;full&quot;}\" data-core-v316-plus=\"true\">\n\t\t\t\t<div class=\"elementor-element elementor-element-9e4b97c elementor-align-center elementor-invisible elementor-widget elementor-widget-button\" data-id=\"9e4b97c\" data-element_type=\"widget\" data-settings=\"{&quot;_animation&quot;:&quot;fadeInDown&quot;}\" data-widget_type=\"button.default\">\n\t\t\t\t<div class=\"elementor-widget-container\">\n\t\t\t\t\t<div class=\"elementor-button-wrapper\">\n\t\t\t<a class=\"elementor-button elementor-button-link elementor-size-sm\" href=\"https:\/\/api.whatsapp.com\/send?phone=5511993925029&#038;text=Ol%C3%A1,%20vim%20do%20site%20e%20gostaria%20de%20uma%20consultoria\">\n\t\t\t\t\t\t<span class=\"elementor-button-content-wrapper\">\n\t\t\t\t\t\t<span class=\"elementor-button-text\">Entrar em contato<\/span>\n\t\t<\/span>\n\t\t\t\t\t<\/a>\n\t\t<\/div>\n\t\t\t\t<\/div>\n\t\t\t\t<\/div>\n\t\t\t\t<div class=\"elementor-element elementor-element-89d52b2 elementor-widget elementor-widget-menu-anchor\" data-id=\"89d52b2\" data-element_type=\"widget\" data-widget_type=\"menu-anchor.default\">\n\t\t\t\t<div class=\"elementor-widget-container\">\n\t\t\t\t\t<div id=\"servicos\" class=\"elementor-menu-anchor\"><\/div>\n\t\t\t\t<\/div>\n\t\t\t\t<\/div>\n\t\t\t\t<div class=\"elementor-element elementor-element-a1e1bd2 elementor-widget elementor-widget-heading\" data-id=\"a1e1bd2\" data-element_type=\"widget\" data-widget_type=\"heading.default\">\n\t\t\t\t<div class=\"elementor-widget-container\">\n\t\t\t<h2 class=\"elementor-heading-title elementor-size-default\">SERVI\u00c7OS<\/h2>\t\t<\/div>\n\t\t\t\t<\/div>\n\t\t\t\t<div class=\"elementor-element elementor-element-529c400 elementor-vertical-align-top elementor-widget elementor-widget-icon-box\" data-id=\"529c400\" data-element_type=\"widget\" data-widget_type=\"icon-box.default\">\n\t\t\t\t<div class=\"elementor-widget-container\">\n\t\t\t<link rel=\"stylesheet\" href=\"https:\/\/contabilliber.com.br\/wp-content\/plugins\/elementor\/assets\/css\/widget-icon-box.min.css\">\t\t<div class=\"elementor-icon-box-wrapper\">\n\t\t\t\t\t\t<div class=\"elementor-icon-box-content\">\n\t\t\t\t<h3 class=\"elementor-icon-box-title\">\n\t\t\t\t\t<span  >\n\t\t\t\t\t\tAssessoria Cont\u00e1bil\t\t\t\t\t<\/span>\n\t\t\t\t<\/h3>\n\t\t\t\t\t\t\t\t\t<p class=\"elementor-icon-box-description\">\n\t\t\t\t\t\tContabiliza\u00e7\u00e3o de todas as despesas mensais para a fechamento de balan\u00e7o anual; Relat\u00f3rios cont\u00e1beis com enfoque gerencial; Auditoria eletr\u00f4nica de declara\u00e7\u00f5es acess\u00f3rias; An\u00e1lise de balan\u00e7o e indicadores financeiros; Assessoria especializada em assuntos cont\u00e1beis.\t\t\t\t\t<\/p>\n\t\t\t\t\t\t\t<\/div>\n\t\t<\/div>\n\t\t\t\t<\/div>\n\t\t\t\t<\/div>\n\t\t\t\t<div class=\"elementor-element elementor-element-0a35da0 elementor-vertical-align-top elementor-widget elementor-widget-icon-box\" data-id=\"0a35da0\" data-element_type=\"widget\" data-widget_type=\"icon-box.default\">\n\t\t\t\t<div class=\"elementor-widget-container\">\n\t\t\t\t\t<div class=\"elementor-icon-box-wrapper\">\n\t\t\t\t\t\t<div class=\"elementor-icon-box-content\">\n\t\t\t\t<h3 class=\"elementor-icon-box-title\">\n\t\t\t\t\t<span  >\n\t\t\t\t\t\tAssessoria Tribut\u00e1ria\t\t\t\t\t<\/span>\n\t\t\t\t<\/h3>\n\t\t\t\t\t\t\t\t\t<p class=\"elementor-icon-box-description\">\n\t\t\t\t\t\tEscritura\u00e7\u00e3o fiscal automatizada; Captura eletr\u00f4nica de XMLs e NF-e da Prefeitura; Auditoria eletr\u00f4nica de declara\u00e7\u00f5es acess\u00f3rias; Apura\u00e7\u00e3o e revis\u00e3o de tributos ICMS, IPI, ISS, PIS, COFINS, IRPJ, CSLL e SIMPLES NACIONAL; Planejamento tribut\u00e1rio; An\u00e1lise da op\u00e7\u00e3o pelo lucro real, lucro presumido ou Simples Nacional.\t\t\t\t\t<\/p>\n\t\t\t\t\t\t\t<\/div>\n\t\t<\/div>\n\t\t\t\t<\/div>\n\t\t\t\t<\/div>\n\t\t\t\t<div class=\"elementor-element elementor-element-d3330bf elementor-vertical-align-top elementor-widget elementor-widget-icon-box\" data-id=\"d3330bf\" data-element_type=\"widget\" data-widget_type=\"icon-box.default\">\n\t\t\t\t<div class=\"elementor-widget-container\">\n\t\t\t\t\t<div class=\"elementor-icon-box-wrapper\">\n\t\t\t\t\t\t<div class=\"elementor-icon-box-content\">\n\t\t\t\t<h3 class=\"elementor-icon-box-title\">\n\t\t\t\t\t<span  >\n\t\t\t\t\t\tAssessoria Trabalhista\t\t\t\t\t<\/span>\n\t\t\t\t<\/h3>\n\t\t\t\t\t\t\t\t\t<p class=\"elementor-icon-box-description\">\n\t\t\t\t\t\tApura\u00e7\u00e3o de folha de pagamento; Auditoria eletr\u00f4nica de declara\u00e7\u00f5es acess\u00f3rias; Gest\u00e3o de benef\u00edcios dos colaboradores; Gest\u00e3o preventiva de rotinas trabalhistas; Auditoria de procedimentos e rotinas trabalhistas; E-social.\t\t\t\t\t<\/p>\n\t\t\t\t\t\t\t<\/div>\n\t\t<\/div>\n\t\t\t\t<\/div>\n\t\t\t\t<\/div>\n\t\t\t\t<div class=\"elementor-element elementor-element-4313ebc elementor-vertical-align-top elementor-widget elementor-widget-icon-box\" data-id=\"4313ebc\" data-element_type=\"widget\" data-widget_type=\"icon-box.default\">\n\t\t\t\t<div class=\"elementor-widget-container\">\n\t\t\t\t\t<div class=\"elementor-icon-box-wrapper\">\n\t\t\t\t\t\t<div class=\"elementor-icon-box-content\">\n\t\t\t\t<h3 class=\"elementor-icon-box-title\">\n\t\t\t\t\t<span  >\n\t\t\t\t\t\tDepartamento Legal\t\t\t\t\t<\/span>\n\t\t\t\t<\/h3>\n\t\t\t\t\t\t\t\t\t<p class=\"elementor-icon-box-description\">\n\t\t\t\t\t\tAbertura e altera\u00e7\u00f5es de empresa\n- Elabora\u00e7\u00e3o de contratos e requerimentos\n- Registros na Junta Comercial ou cart\u00f3rio\n- Abertura de CNPJ\n- Registro em \u00f3rg\u00e3os p\u00fablicos\n- Registros em conselhos espec\u00edficos\n\t\t\t\t\t<\/p>\n\t\t\t\t\t\t\t<\/div>\n\t\t<\/div>\n\t\t\t\t<\/div>\n\t\t\t\t<\/div>\n\t\t\t\t<div class=\"elementor-element elementor-element-d150918 elementor-vertical-align-top elementor-widget elementor-widget-icon-box\" data-id=\"d150918\" data-element_type=\"widget\" data-widget_type=\"icon-box.default\">\n\t\t\t\t<div class=\"elementor-widget-container\">\n\t\t\t\t\t<div class=\"elementor-icon-box-wrapper\">\n\t\t\t\t\t\t<div class=\"elementor-icon-box-content\">\n\t\t\t\t<h3 class=\"elementor-icon-box-title\">\n\t\t\t\t\t<span  >\n\t\t\t\t\t\tEncerramento de empresa\t\t\t\t\t<\/span>\n\t\t\t\t<\/h3>\n\t\t\t\t\t\t\t\t\t<p class=\"elementor-icon-box-description\">\n\t\t\t\t\t\tServi\u00e7o onde voc\u00ea receber\u00e1 todas as informa\u00e7\u00f5es necess\u00e1rias e tirar d\u00favidas em menos de 24 horas, para encerrar a sua empresa.\t\t\t\t\t<\/p>\n\t\t\t\t\t\t\t<\/div>\n\t\t<\/div>\n\t\t\t\t<\/div>\n\t\t\t\t<\/div>\n\t\t\t\t<div class=\"elementor-element elementor-element-85aba50 elementor-align-center elementor-invisible elementor-widget elementor-widget-button\" data-id=\"85aba50\" data-element_type=\"widget\" data-settings=\"{&quot;_animation&quot;:&quot;fadeInDown&quot;}\" data-widget_type=\"button.default\">\n\t\t\t\t<div class=\"elementor-widget-container\">\n\t\t\t\t\t<div class=\"elementor-button-wrapper\">\n\t\t\t<a class=\"elementor-button elementor-button-link elementor-size-sm\" href=\"https:\/\/api.whatsapp.com\/send?phone=5511993925029&#038;text=Ol%C3%A1,%20vim%20do%20site%20e%20gostaria%20de%20uma%20consultoria\">\n\t\t\t\t\t\t<span class=\"elementor-button-content-wrapper\">\n\t\t\t\t\t\t<span class=\"elementor-button-text\">Entrar em contato<\/span>\n\t\t<\/span>\n\t\t\t\t\t<\/a>\n\t\t<\/div>\n\t\t\t\t<\/div>\n\t\t\t\t<\/div>\n\t\t\t\t<\/div>\n\t\t<div class=\"elementor-element elementor-element-0706ea5 e-flex e-con-boxed e-con e-parent\" data-id=\"0706ea5\" data-element_type=\"container\" data-settings=\"{&quot;background_background&quot;:&quot;classic&quot;,&quot;content_width&quot;:&quot;boxed&quot;}\" data-core-v316-plus=\"true\">\n\t\t\t\t\t<div class=\"e-con-inner\">\n\t\t<div class=\"elementor-element elementor-element-de9e03b e-con-full e-flex e-con e-child\" data-id=\"de9e03b\" data-element_type=\"container\" data-settings=\"{&quot;content_width&quot;:&quot;full&quot;}\">\n\t\t\t\t<div class=\"elementor-element elementor-element-e3e8324 elementor-widget elementor-widget-menu-anchor\" data-id=\"e3e8324\" data-element_type=\"widget\" data-widget_type=\"menu-anchor.default\">\n\t\t\t\t<div class=\"elementor-widget-container\">\n\t\t\t\t\t<div id=\"contato\" class=\"elementor-menu-anchor\"><\/div>\n\t\t\t\t<\/div>\n\t\t\t\t<\/div>\n\t\t\t\t<div class=\"elementor-element elementor-element-4f23e0c elementor-widget elementor-widget-heading\" data-id=\"4f23e0c\" data-element_type=\"widget\" data-widget_type=\"heading.default\">\n\t\t\t\t<div class=\"elementor-widget-container\">\n\t\t\t<h2 class=\"elementor-heading-title elementor-size-default\">Contato<\/h2>\t\t<\/div>\n\t\t\t\t<\/div>\n\t\t\t\t<div class=\"elementor-element elementor-element-129bcdb elementor-icon-list--layout-traditional elementor-list-item-link-full_width elementor-widget elementor-widget-icon-list\" data-id=\"129bcdb\" data-element_type=\"widget\" data-widget_type=\"icon-list.default\">\n\t\t\t\t<div class=\"elementor-widget-container\">\n\t\t\t<link rel=\"stylesheet\" href=\"https:\/\/contabilliber.com.br\/wp-content\/plugins\/elementor\/assets\/css\/widget-icon-list.min.css\">\t\t<ul class=\"elementor-icon-list-items\">\n\t\t\t\t\t\t\t<li class=\"elementor-icon-list-item\">\n\t\t\t\t\t\t\t\t\t\t\t<span class=\"elementor-icon-list-icon\">\n\t\t\t\t\t\t\t<i aria-hidden=\"true\" class=\"fas fa-phone-alt\"><\/i>\t\t\t\t\t\t<\/span>\n\t\t\t\t\t\t\t\t\t\t<span class=\"elementor-icon-list-text\">(11) 993925029<\/span>\n\t\t\t\t\t\t\t\t\t<\/li>\n\t\t\t\t\t\t\t\t<li class=\"elementor-icon-list-item\">\n\t\t\t\t\t\t\t\t\t\t\t<span class=\"elementor-icon-list-icon\">\n\t\t\t\t\t\t\t<i aria-hidden=\"true\" class=\"far fa-envelope\"><\/i>\t\t\t\t\t\t<\/span>\n\t\t\t\t\t\t\t\t\t\t<span class=\"elementor-icon-list-text\">contabilidade@contabilliber.com.br<\/span>\n\t\t\t\t\t\t\t\t\t<\/li>\n\t\t\t\t\t\t\t\t<li class=\"elementor-icon-list-item\">\n\t\t\t\t\t\t\t\t\t\t\t<span class=\"elementor-icon-list-icon\">\n\t\t\t\t\t\t\t<i aria-hidden=\"true\" class=\"fas fa-map-marker-alt\"><\/i>\t\t\t\t\t\t<\/span>\n\t\t\t\t\t\t\t\t\t\t<span class=\"elementor-icon-list-text\">R. Oliveira Alves, 41 - Ipiranga, S\u00e3o Paulo - SP, 04203-051<\/span>\n\t\t\t\t\t\t\t\t\t<\/li>\n\t\t\t\t\t\t<\/ul>\n\t\t\t\t<\/div>\n\t\t\t\t<\/div>\n\t\t\t\t<\/div>\n\t\t<div class=\"elementor-element elementor-element-51a1411 e-con-full e-flex e-con e-child\" data-id=\"51a1411\" data-element_type=\"container\" data-settings=\"{&quot;content_width&quot;:&quot;full&quot;}\">\n\t\t\t\t<div class=\"elementor-element elementor-element-6745473 elementor-widget elementor-widget-google_maps\" data-id=\"6745473\" data-element_type=\"widget\" data-widget_type=\"google_maps.default\">\n\t\t\t\t<div class=\"elementor-widget-container\">\n\t\t\t<style>\/*! elementor - v3.16.0 - 17-10-2023 *\/\n.elementor-widget-google_maps .elementor-widget-container{overflow:hidden}.elementor-widget-google_maps .elementor-custom-embed{line-height:0}.elementor-widget-google_maps iframe{height:300px}<\/style>\t\t<div class=\"elementor-custom-embed\">\n\t\t\t<iframe loading=\"lazy\"\n\t\t\t\t\tsrc=\"https:\/\/maps.google.com\/maps?q=R.%20Oliveira%20Alves%2C%2041%20-%20Ipiranga%2C%20S%C3%A3o%20Paulo%20-%20SP%2C%2004203-051&#038;t=m&#038;z=10&#038;output=embed&#038;iwloc=near\"\n\t\t\t\t\ttitle=\"R. Oliveira Alves, 41 - Ipiranga, S\u00e3o Paulo - SP, 04203-051\"\n\t\t\t\t\taria-label=\"R. Oliveira Alves, 41 - Ipiranga, S\u00e3o Paulo - SP, 04203-051\"\n\t\t\t><\/iframe>\n\t\t<\/div>\n\t\t\t\t<\/div>\n\t\t\t\t<\/div>\n\t\t\t\t<\/div>\n\t\t\t\t\t<\/div>\n\t\t\t\t<\/div>\n\t\t\t\t\t\t\t<\/div>\n\t\t","protected":false},"excerpt":{"rendered":"<p>Oferecemos aos nossos clientes um servi\u00e7o inovador de contabilidade utilizando tecnologia &#8220;O sucesso \u00e9 a soma de pequenos esfor\u00e7os &#8211; repetidos dia sim, e no outro dia tamb\u00e9m.&#8221; Ol\u00e1, somos a L\u00edber Assessoria Empresarial A L\u00edber \u00e9 uma empresa de assessoria empresarial com mais de 50 anos de experi\u00eancia no mercado, fundada em 1971. Com [&hellip;]<\/p>\n","protected":false},"author":1,"featured_media":0,"parent":0,"menu_order":0,"comment_status":"closed","ping_status":"closed","template":"elementor_header_footer","meta":{"footnotes":"","_joinchat":[]},"_links":{"self":[{"href":"https:\/\/contabilliber.com.br\/index.php?rest_route=\/wp\/v2\/pages\/9"}],"collection":[{"href":"https:\/\/contabilliber.com.br\/index.php?rest_route=\/wp\/v2\/pages"}],"about":[{"href":"https:\/\/contabilliber.com.br\/index.php?rest_route=\/wp\/v2\/types\/page"}],"author":[{"embeddable":true,"href":"https:\/\/contabilliber.com.br\/index.php?rest_route=\/wp\/v2\/users\/1"}],"replies":[{"embeddable":true,"href":"https:\/\/contabilliber.com.br\/index.php?rest_route=%2Fwp%2Fv2%2Fcomments&post=9"}],"version-history":[{"count":59,"href":"https:\/\/contabilliber.com.br\/index.php?rest_route=\/wp\/v2\/pages\/9\/revisions"}],"predecessor-version":[{"id":210,"href":"https:\/\/contabilliber.com.br\/index.php?rest_route=\/wp\/v2\/pages\/9\/revisions\/210"}],"wp:attachment":[{"href":"https:\/\/contabilliber.com.br\/index.php?rest_route=%2Fwp%2Fv2%2Fmedia&parent=9"}],"curies":[{"name":"wp","href":"https:\/\/api.w.org\/{rel}","templated":true}]}}