{"id":58,"date":"2023-04-17T16:41:58","date_gmt":"2023-04-17T19:41:58","guid":{"rendered":"https:\/\/contabilliber.com.br\/?page_id=58"},"modified":"2023-06-14T19:52:24","modified_gmt":"2023-06-14T22:52:24","slug":"downloads","status":"publish","type":"page","link":"https:\/\/contabilliber.com.br\/?page_id=58","title":{"rendered":"Downloads"},"content":{"rendered":"\t\t<div data-elementor-type=\"wp-page\" data-elementor-id=\"58\" class=\"elementor elementor-58\">\n\t\t\t\t\t\t\t<div class=\"elementor-element elementor-element-6fb1aeb e-flex e-con-boxed e-con e-parent\" data-id=\"6fb1aeb\" data-element_type=\"container\" data-settings=\"{&quot;content_width&quot;:&quot;boxed&quot;}\" data-core-v316-plus=\"true\">\n\t\t\t\t\t<div class=\"e-con-inner\">\n\t\t\t\t<div class=\"elementor-element elementor-element-d148d62 elementor-widget elementor-widget-heading\" data-id=\"d148d62\" data-element_type=\"widget\" data-widget_type=\"heading.default\">\n\t\t\t\t<div class=\"elementor-widget-container\">\n\t\t\t<style>\/*! elementor - v3.16.0 - 17-10-2023 *\/\n.elementor-heading-title{padding:0;margin:0;line-height:1}.elementor-widget-heading .elementor-heading-title[class*=elementor-size-]>a{color:inherit;font-size:inherit;line-height:inherit}.elementor-widget-heading .elementor-heading-title.elementor-size-small{font-size:15px}.elementor-widget-heading .elementor-heading-title.elementor-size-medium{font-size:19px}.elementor-widget-heading .elementor-heading-title.elementor-size-large{font-size:29px}.elementor-widget-heading .elementor-heading-title.elementor-size-xl{font-size:39px}.elementor-widget-heading .elementor-heading-title.elementor-size-xxl{font-size:59px}<\/style><h2 class=\"elementor-heading-title elementor-size-default\">Downloads<\/h2>\t\t<\/div>\n\t\t\t\t<\/div>\n\t\t\t\t<div class=\"elementor-element elementor-element-b28d5b2 elementor-widget elementor-widget-text-editor\" data-id=\"b28d5b2\" data-element_type=\"widget\" data-widget_type=\"text-editor.default\">\n\t\t\t\t<div class=\"elementor-widget-container\">\n\t\t\t<style>\/*! elementor - v3.16.0 - 17-10-2023 *\/\n.elementor-widget-text-editor.elementor-drop-cap-view-stacked .elementor-drop-cap{background-color:#69727d;color:#fff}.elementor-widget-text-editor.elementor-drop-cap-view-framed .elementor-drop-cap{color:#69727d;border:3px solid;background-color:transparent}.elementor-widget-text-editor:not(.elementor-drop-cap-view-default) .elementor-drop-cap{margin-top:8px}.elementor-widget-text-editor:not(.elementor-drop-cap-view-default) .elementor-drop-cap-letter{width:1em;height:1em}.elementor-widget-text-editor .elementor-drop-cap{float:left;text-align:center;line-height:1;font-size:50px}.elementor-widget-text-editor .elementor-drop-cap-letter{display:inline-block}<\/style>\t\t\t\t<p>Veja abaixo alguns links e arquivos \u00fateis:<\/p><ul><li><a href=\"https:\/\/sicalc.receita.economia.gov.br\/sicalc\/principal\">Emiss\u00e3o de DARF<\/a><\/li><li><a href=\"https:\/\/sal.rfb.gov.br\/PortalSalInternet\/faces\/pages\/index.xhtml\">Emiss\u00e3o de guia de INSS<\/a><\/li><li><a href=\"https:\/\/www.gov.br\/receitafederal\/pt-br\">Receita Federal<\/a><\/li><li><a href=\"https:\/\/www.capital.sp.gov.br\/\">Preitura de SP<\/a><\/li><li><a href=\"https:\/\/nfe.prefeitura.sp.gov.br\/login.aspx\">Nota do milh\u00e3o \u2013 Prefeitura SP<\/a><\/li><li><a href=\"https:\/\/www8.receita.fazenda.gov.br\/SimplesNacional\/\">Simples Nacional<\/a><\/li><li><a href=\"https:\/\/cbo.mte.gov.br\/cbosite\/pages\/pesquisas\/BuscaPorCodigo.jsf\">Busca CBO<\/a><\/li><li><a href=\"https:\/\/www4.fazenda.sp.gov.br\/DareICMS\">Guia de ICMS<\/a><\/li><li><a href=\"https:\/\/www.regularize.pgfn.gov.br\/login\">Regularize PGFN<\/a><\/li><li><a href=\"https:\/\/www3.fazenda.sp.gov.br\/CAWEB\/Account\/Login.aspx\">Posto da Sefaz<\/a><\/li><li><a href=\"https:\/\/solucoes.receita.fazenda.gov.br\/servicos\/cnpjreva\/cnpjreva_solicitacao.asp\">Consulta CNPJ<\/a><\/li><li><a href=\"https:\/\/servicos.receita.fazenda.gov.br\/Servicos\/CPF\/ConsultaSituacao\/ConsultaPublica.asp\">Consulta CPF<\/a><\/li><li><a href=\"https:\/\/solucoes.receita.fazenda.gov.br\/servicos\/certidaointernet\/pj\/emitir\">CND Receita Federal<\/a><\/li><li><a href=\"http:\/\/www.sintegra.gov.br\/\">Consulta inscri\u00e7\u00e3o estadual<\/a><\/li><\/ul>\t\t\t\t\t\t<\/div>\n\t\t\t\t<\/div>\n\t\t\t\t\t<\/div>\n\t\t\t\t<\/div>\n\t\t\t\t\t\t\t<\/div>\n\t\t","protected":false},"excerpt":{"rendered":"<p>Downloads Veja abaixo alguns links e arquivos \u00fateis: Emiss\u00e3o de DARF Emiss\u00e3o de guia de INSS Receita Federal Preitura de SP Nota do milh\u00e3o \u2013 Prefeitura SP Simples Nacional Busca CBO Guia de ICMS Regularize PGFN Posto da Sefaz Consulta CNPJ Consulta CPF CND Receita Federal Consulta inscri\u00e7\u00e3o estadual<\/p>\n","protected":false},"author":1,"featured_media":0,"parent":0,"menu_order":0,"comment_status":"closed","ping_status":"closed","template":"elementor_header_footer","meta":{"footnotes":"","_joinchat":[]},"_links":{"self":[{"href":"https:\/\/contabilliber.com.br\/index.php?rest_route=\/wp\/v2\/pages\/58"}],"collection":[{"href":"https:\/\/contabilliber.com.br\/index.php?rest_route=\/wp\/v2\/pages"}],"about":[{"href":"https:\/\/contabilliber.com.br\/index.php?rest_route=\/wp\/v2\/types\/page"}],"author":[{"embeddable":true,"href":"https:\/\/contabilliber.com.br\/index.php?rest_route=\/wp\/v2\/users\/1"}],"replies":[{"embeddable":true,"href":"https:\/\/contabilliber.com.br\/index.php?rest_route=%2Fwp%2Fv2%2Fcomments&post=58"}],"version-history":[{"count":10,"href":"https:\/\/contabilliber.com.br\/index.php?rest_route=\/wp\/v2\/pages\/58\/revisions"}],"predecessor-version":[{"id":134,"href":"https:\/\/contabilliber.com.br\/index.php?rest_route=\/wp\/v2\/pages\/58\/revisions\/134"}],"wp:attachment":[{"href":"https:\/\/contabilliber.com.br\/index.php?rest_route=%2Fwp%2Fv2%2Fmedia&parent=58"}],"curies":[{"name":"wp","href":"https:\/\/api.w.org\/{rel}","templated":true}]}}